{"id":9325,"date":"2018-09-22T12:02:13","date_gmt":"2018-09-22T10:02:13","guid":{"rendered":"http:\/\/d1pierre10coups.be\/wordpress\/?page_id=9325"},"modified":"2024-12-18T22:22:06","modified_gmt":"2024-12-18T21:22:06","slug":"comptes-d1p10c","status":"publish","type":"page","link":"https:\/\/d1pierre10coups.be\/wordpress\/comptes-d1p10c\/","title":{"rendered":"Comptes d1pierre10coups"},"content":{"rendered":"<h3 style=\"text-align: center;\"><a href=\"https:\/\/d1pierre10coups.be\/wordpress\/wp-content\/uploads\/2024\/11\/comptes-d1p10c-2023-24.pdf\">comptes 2023-24<\/a><\/h3>\n<h4 style=\"text-align: center;\"><a href=\"https:\/\/d1pierre10coups.be\/wordpress\/wp-content\/uploads\/2024\/11\/comptes-d1p10c-2022-23.pdf\">comptes 2022-23<\/a><\/h4>\n<p><strong>Mise \u00e0 jour nov. 2024:<\/strong><br \/>\ndepuis l&rsquo;ann\u00e9e 2022-2023, le dispositif de soutien aux nouveaux coll\u00e9giens a \u00e9t\u00e9 progressivement abandonn\u00e9 pour concentrer les moyens financiers d1pierre10coups sur un soutien cibl\u00e9 aux jeunes adultes responsables et motiv\u00e9s qui ont \u00e9merg\u00e9 des ann\u00e9es 2005-2015.<\/p>\n<figure id=\"attachment_10355\" aria-describedby=\"caption-attachment-10355\" style=\"width: 734px\" class=\"wp-caption alignnone\"><a href=\"https:\/\/d1pierre10coups.be\/wordpress\/comptes-d1pierre10coups\"><img loading=\"lazy\" decoding=\"async\" class=\"wp-image-10355 size-full\" src=\"https:\/\/d1pierre10coups.be\/wordpress\/wp-content\/uploads\/2019\/09\/total-d\u00e9penses-2020.jpg\" alt=\"\" width=\"734\" height=\"464\" \/><\/a><figcaption id=\"caption-attachment-10355\" class=\"wp-caption-text\">Cliquer sur le tableau pour les comptes annuels de la p\u00e9riode 2005-2021<\/figcaption><\/figure>\n","protected":false},"excerpt":{"rendered":"<p>comptes 2023-24 comptes 2022-23 Mise \u00e0 jour nov. 2024: depuis l&rsquo;ann\u00e9e 2022-2023, le dispositif de soutien aux nouveaux coll\u00e9giens a \u00e9t\u00e9 progressivement abandonn\u00e9 pour concentrer les moyens financiers d1pierre10coups sur un soutien cibl\u00e9 aux jeunes adultes responsables et motiv\u00e9s qui ont \u00e9merg\u00e9 des ann\u00e9es 2005-2015.<\/p>\n","protected":false},"author":1,"featured_media":0,"parent":0,"menu_order":0,"comment_status":"closed","ping_status":"closed","template":"","meta":{"site-sidebar-layout":"default","site-content-layout":"","ast-site-content-layout":"default","site-content-style":"default","site-sidebar-style":"default","ast-global-header-display":"","ast-banner-title-visibility":"","ast-main-header-display":"","ast-hfb-above-header-display":"","ast-hfb-below-header-display":"","ast-hfb-mobile-header-display":"","site-post-title":"","ast-breadcrumbs-content":"","ast-featured-img":"","footer-sml-layout":"","ast-disable-related-posts":"","theme-transparent-header-meta":"","adv-header-id-meta":"","stick-header-meta":"","header-above-stick-meta":"","header-main-stick-meta":"","header-below-stick-meta":"","astra-migrate-meta-layouts":"default","ast-page-background-enabled":"default","ast-page-background-meta":{"desktop":{"background-color":"var(--ast-global-color-5)","background-image":"","background-repeat":"repeat","background-position":"center center","background-size":"auto","background-attachment":"scroll","background-type":"","background-media":"","overlay-type":"","overlay-color":"","overlay-opacity":"","overlay-gradient":""},"tablet":{"background-color":"","background-image":"","background-repeat":"repeat","background-position":"center center","background-size":"auto","background-attachment":"scroll","background-type":"","background-media":"","overlay-type":"","overlay-color":"","overlay-opacity":"","overlay-gradient":""},"mobile":{"background-color":"","background-image":"","background-repeat":"repeat","background-position":"center center","background-size":"auto","background-attachment":"scroll","background-type":"","background-media":"","overlay-type":"","overlay-color":"","overlay-opacity":"","overlay-gradient":""}},"ast-content-background-meta":{"desktop":{"background-color":"var(--ast-global-color-4)","background-image":"","background-repeat":"repeat","background-position":"center center","background-size":"auto","background-attachment":"scroll","background-type":"","background-media":"","overlay-type":"","overlay-color":"","overlay-opacity":"","overlay-gradient":""},"tablet":{"background-color":"var(--ast-global-color-4)","background-image":"","background-repeat":"repeat","background-position":"center center","background-size":"auto","background-attachment":"scroll","background-type":"","background-media":"","overlay-type":"","overlay-color":"","overlay-opacity":"","overlay-gradient":""},"mobile":{"background-color":"var(--ast-global-color-4)","background-image":"","background-repeat":"repeat","background-position":"center center","background-size":"auto","background-attachment":"scroll","background-type":"","background-media":"","overlay-type":"","overlay-color":"","overlay-opacity":"","overlay-gradient":""}},"footnotes":""},"class_list":["post-9325","page","type-page","status-publish","hentry"],"_links":{"self":[{"href":"https:\/\/d1pierre10coups.be\/wordpress\/wp-json\/wp\/v2\/pages\/9325","targetHints":{"allow":["GET"]}}],"collection":[{"href":"https:\/\/d1pierre10coups.be\/wordpress\/wp-json\/wp\/v2\/pages"}],"about":[{"href":"https:\/\/d1pierre10coups.be\/wordpress\/wp-json\/wp\/v2\/types\/page"}],"author":[{"embeddable":true,"href":"https:\/\/d1pierre10coups.be\/wordpress\/wp-json\/wp\/v2\/users\/1"}],"replies":[{"embeddable":true,"href":"https:\/\/d1pierre10coups.be\/wordpress\/wp-json\/wp\/v2\/comments?post=9325"}],"version-history":[{"count":5,"href":"https:\/\/d1pierre10coups.be\/wordpress\/wp-json\/wp\/v2\/pages\/9325\/revisions"}],"predecessor-version":[{"id":12564,"href":"https:\/\/d1pierre10coups.be\/wordpress\/wp-json\/wp\/v2\/pages\/9325\/revisions\/12564"}],"wp:attachment":[{"href":"https:\/\/d1pierre10coups.be\/wordpress\/wp-json\/wp\/v2\/media?parent=9325"}],"curies":[{"name":"wp","href":"https:\/\/api.w.org\/{rel}","templated":true}]}}