{"id":8066,"date":"2018-05-27T18:15:31","date_gmt":"2018-05-27T16:15:31","guid":{"rendered":"http:\/\/d1pierre10coups.be\/wordpress\/?page_id=8066"},"modified":"2018-06-14T21:05:02","modified_gmt":"2018-06-14T19:05:02","slug":"25-juillet-2017-malem-chez-ramatoulaye-ndao","status":"publish","type":"page","link":"https:\/\/d1pierre10coups.be\/wordpress\/sejour-17-juillet-07-aout-2017\/25-juillet-2017-malem-chez-ramatoulaye-ndao\/","title":{"rendered":"25 juillet 2017: visite \u00e0 Malem-Hodar"},"content":{"rendered":"<p><a href=\"https:\/\/d1pierre10coups.be\/wordpress\/sejour-17-juillet-07-aout-2017\/\">&lt;&lt;\u00a0\u00a0 S\u00e9jour 07-2017<\/a><\/p>\n<p style=\"padding-left: 30px;\"><a href=\"https:\/\/d1pierre10coups.be\/wordpress\/sejour-17-juillet-07-aout-2017\/sejour-17-juillet-07-aout-2017-mbinn-finn\/\">20 juillet 2017: reboisement Mbine Fine \u00e0 Ndiaffate<\/a><br \/>\n<a href=\"https:\/\/d1pierre10coups.be\/wordpress\/sejour-17-juillet-07-aout-2017\/25-juillet-2017-malem-chez-ramatoulaye-ndao\/\">25 juillet 2017: visite \u00e0 Malem-Hodar<\/a><br \/>\n<a href=\"https:\/\/d1pierre10coups.be\/wordpress\/sejour-17-juillet-07-aout-2017\/sejour\/\">07 ao\u00fbt 2017: visite EBS (Ecoles de Brousse au S\u00e9n\u00e9gal)<\/a><\/p>\n<p>Avec Moha-Albert, accueillis par l&rsquo;infatigable Ramatoulaye Ndao. Une visite autour des jardins communautaires et du nouveau si\u00e8ge en vo\u00fbte nubienne de l&rsquo;association Malem-Auder.<\/p>\n<p><code class=\"rl-shortcode\"><div class=\"rl-gallery-container rl-loading\" id=\"rl-gallery-container-1\" data-gallery_id=\"8068\"> <div class=\"rl-gallery rl-basicmasonry-gallery \" id=\"rl-gallery-1\" data-gallery_no=\"1\"> <div class=\"rl-gutter-sizer\"><\/div><div class=\"rl-grid-sizer\"><\/div> <div class=\"rl-gallery-item rl-gallery-item-width-4\" > <div class=\"rl-gallery-item-content\"> <a href=\"https:\/\/d1pierre10coups.be\/wordpress\/wp-content\/uploads\/2018\/05\/DSC09896-1920x1440.jpg\" title=\"\" data-rl_title=\"\" class=\"rl-gallery-link\" data-rl_caption=\"\" data-rel=\"lightbox-gallery-1\"><img loading=\"lazy\" decoding=\"async\" src=\"https:\/\/d1pierre10coups.be\/wordpress\/wp-content\/uploads\/2018\/05\/DSC09896-300x225.jpg\" width=\"300\" height=\"225\" alt=\"\" \/><\/a> <\/div> <\/div> <div class=\"rl-gallery-item\" > <div class=\"rl-gallery-item-content\"> <a href=\"https:\/\/d1pierre10coups.be\/wordpress\/wp-content\/uploads\/2018\/05\/DSC09897-1920x1440.jpg\" title=\"\" data-rl_title=\"\" class=\"rl-gallery-link\" data-rl_caption=\"\" data-rel=\"lightbox-gallery-1\"><img loading=\"lazy\" decoding=\"async\" src=\"https:\/\/d1pierre10coups.be\/wordpress\/wp-content\/uploads\/2018\/05\/DSC09897-300x225.jpg\" width=\"300\" height=\"225\" alt=\"\" \/><\/a> <\/div> <\/div> <div class=\"rl-gallery-item\" > <div class=\"rl-gallery-item-content\"> <a href=\"https:\/\/d1pierre10coups.be\/wordpress\/wp-content\/uploads\/2018\/05\/DSC09898-1920x1440.jpg\" title=\"\" data-rl_title=\"\" class=\"rl-gallery-link\" data-rl_caption=\"\" data-rel=\"lightbox-gallery-1\"><img loading=\"lazy\" decoding=\"async\" src=\"https:\/\/d1pierre10coups.be\/wordpress\/wp-content\/uploads\/2018\/05\/DSC09898-300x225.jpg\" width=\"300\" height=\"225\" alt=\"\" \/><\/a> <\/div> <\/div> <div class=\"rl-gallery-item\" > <div class=\"rl-gallery-item-content\"> <a href=\"https:\/\/d1pierre10coups.be\/wordpress\/wp-content\/uploads\/2018\/05\/DSC09899-1920x1440.jpg\" title=\"\" data-rl_title=\"\" class=\"rl-gallery-link\" data-rl_caption=\"\" data-rel=\"lightbox-gallery-1\"><img loading=\"lazy\" decoding=\"async\" src=\"https:\/\/d1pierre10coups.be\/wordpress\/wp-content\/uploads\/2018\/05\/DSC09899-300x225.jpg\" width=\"300\" height=\"225\" alt=\"\" \/><\/a> <\/div> <\/div> <div class=\"rl-gallery-item\" > <div class=\"rl-gallery-item-content\"> <a href=\"https:\/\/d1pierre10coups.be\/wordpress\/wp-content\/uploads\/2018\/05\/DSC09900-1920x1440.jpg\" title=\"\" data-rl_title=\"\" class=\"rl-gallery-link\" data-rl_caption=\"\" data-rel=\"lightbox-gallery-1\"><img loading=\"lazy\" decoding=\"async\" src=\"https:\/\/d1pierre10coups.be\/wordpress\/wp-content\/uploads\/2018\/05\/DSC09900-300x225.jpg\" width=\"300\" height=\"225\" alt=\"\" \/><\/a> <\/div> <\/div> <div class=\"rl-gallery-item\" > <div class=\"rl-gallery-item-content\"> <a href=\"https:\/\/d1pierre10coups.be\/wordpress\/wp-content\/uploads\/2018\/05\/DSC09901-1920x1440.jpg\" title=\"\" data-rl_title=\"\" class=\"rl-gallery-link\" data-rl_caption=\"\" data-rel=\"lightbox-gallery-1\"><img loading=\"lazy\" decoding=\"async\" src=\"https:\/\/d1pierre10coups.be\/wordpress\/wp-content\/uploads\/2018\/05\/DSC09901-300x225.jpg\" width=\"300\" height=\"225\" alt=\"\" \/><\/a> <\/div> <\/div> <div class=\"rl-gallery-item\" > <div class=\"rl-gallery-item-content\"> <a href=\"https:\/\/d1pierre10coups.be\/wordpress\/wp-content\/uploads\/2018\/05\/DSC09902-1920x1440.jpg\" title=\"\" data-rl_title=\"\" class=\"rl-gallery-link\" data-rl_caption=\"\" data-rel=\"lightbox-gallery-1\"><img loading=\"lazy\" decoding=\"async\" src=\"https:\/\/d1pierre10coups.be\/wordpress\/wp-content\/uploads\/2018\/05\/DSC09902-300x225.jpg\" width=\"300\" height=\"225\" alt=\"\" \/><\/a> <\/div> <\/div> <div class=\"rl-gallery-item\" > <div class=\"rl-gallery-item-content\"> <a href=\"https:\/\/d1pierre10coups.be\/wordpress\/wp-content\/uploads\/2018\/05\/DSC09903-1920x1440.jpg\" title=\"\" data-rl_title=\"\" class=\"rl-gallery-link\" data-rl_caption=\"\" data-rel=\"lightbox-gallery-1\"><img loading=\"lazy\" decoding=\"async\" src=\"https:\/\/d1pierre10coups.be\/wordpress\/wp-content\/uploads\/2018\/05\/DSC09903-300x225.jpg\" width=\"300\" height=\"225\" alt=\"\" \/><\/a> <\/div> <\/div> <div class=\"rl-gallery-item\" > <div class=\"rl-gallery-item-content\"> <a href=\"https:\/\/d1pierre10coups.be\/wordpress\/wp-content\/uploads\/2018\/05\/DSC09904-1920x1440.jpg\" title=\"\" data-rl_title=\"\" class=\"rl-gallery-link\" data-rl_caption=\"\" data-rel=\"lightbox-gallery-1\"><img loading=\"lazy\" decoding=\"async\" src=\"https:\/\/d1pierre10coups.be\/wordpress\/wp-content\/uploads\/2018\/05\/DSC09904-300x225.jpg\" width=\"300\" height=\"225\" alt=\"\" \/><\/a> <\/div> <\/div> <div class=\"rl-gallery-item\" > <div class=\"rl-gallery-item-content\"> <a href=\"https:\/\/d1pierre10coups.be\/wordpress\/wp-content\/uploads\/2018\/05\/DSC09905-1920x1440.jpg\" title=\"\" data-rl_title=\"\" class=\"rl-gallery-link\" data-rl_caption=\"\" data-rel=\"lightbox-gallery-1\"><img loading=\"lazy\" decoding=\"async\" src=\"https:\/\/d1pierre10coups.be\/wordpress\/wp-content\/uploads\/2018\/05\/DSC09905-300x225.jpg\" width=\"300\" height=\"225\" alt=\"\" \/><\/a> <\/div> <\/div> <div class=\"rl-gallery-item\" > <div class=\"rl-gallery-item-content\"> <a href=\"https:\/\/d1pierre10coups.be\/wordpress\/wp-content\/uploads\/2018\/05\/DSC09906-1920x1440.jpg\" title=\"\" data-rl_title=\"\" class=\"rl-gallery-link\" data-rl_caption=\"\" data-rel=\"lightbox-gallery-1\"><img loading=\"lazy\" decoding=\"async\" src=\"https:\/\/d1pierre10coups.be\/wordpress\/wp-content\/uploads\/2018\/05\/DSC09906-300x225.jpg\" width=\"300\" height=\"225\" alt=\"\" \/><\/a> <\/div> <\/div> <div class=\"rl-gallery-item\" > <div class=\"rl-gallery-item-content\"> <a href=\"https:\/\/d1pierre10coups.be\/wordpress\/wp-content\/uploads\/2018\/05\/DSC09907-1920x2560.jpg\" title=\"\" data-rl_title=\"\" class=\"rl-gallery-link\" data-rl_caption=\"\" data-rel=\"lightbox-gallery-1\"><img loading=\"lazy\" decoding=\"async\" src=\"https:\/\/d1pierre10coups.be\/wordpress\/wp-content\/uploads\/2018\/05\/DSC09907-225x300.jpg\" width=\"225\" height=\"300\" alt=\"\" \/><\/a> <\/div> <\/div> <div class=\"rl-gallery-item\" > <div class=\"rl-gallery-item-content\"> <a href=\"https:\/\/d1pierre10coups.be\/wordpress\/wp-content\/uploads\/2018\/05\/DSC09908-1920x1440.jpg\" title=\"\" data-rl_title=\"\" class=\"rl-gallery-link\" data-rl_caption=\"\" data-rel=\"lightbox-gallery-1\"><img loading=\"lazy\" decoding=\"async\" src=\"https:\/\/d1pierre10coups.be\/wordpress\/wp-content\/uploads\/2018\/05\/DSC09908-300x225.jpg\" width=\"300\" height=\"225\" alt=\"\" \/><\/a> <\/div> <\/div> <div class=\"rl-gallery-item\" > <div class=\"rl-gallery-item-content\"> <a href=\"https:\/\/d1pierre10coups.be\/wordpress\/wp-content\/uploads\/2018\/05\/DSC09909-1920x1440.jpg\" title=\"\" data-rl_title=\"\" class=\"rl-gallery-link\" data-rl_caption=\"\" data-rel=\"lightbox-gallery-1\"><img loading=\"lazy\" decoding=\"async\" src=\"https:\/\/d1pierre10coups.be\/wordpress\/wp-content\/uploads\/2018\/05\/DSC09909-300x225.jpg\" width=\"300\" height=\"225\" alt=\"\" \/><\/a> <\/div> <\/div> <div class=\"rl-gallery-item\" > <div class=\"rl-gallery-item-content\"> <a href=\"https:\/\/d1pierre10coups.be\/wordpress\/wp-content\/uploads\/2018\/05\/DSC09910-1920x1440.jpg\" title=\"\" data-rl_title=\"\" class=\"rl-gallery-link\" data-rl_caption=\"\" data-rel=\"lightbox-gallery-1\"><img loading=\"lazy\" decoding=\"async\" src=\"https:\/\/d1pierre10coups.be\/wordpress\/wp-content\/uploads\/2018\/05\/DSC09910-300x225.jpg\" width=\"300\" height=\"225\" alt=\"\" \/><\/a> <\/div> <\/div> <div class=\"rl-gallery-item\" > <div class=\"rl-gallery-item-content\"> <a href=\"https:\/\/d1pierre10coups.be\/wordpress\/wp-content\/uploads\/2018\/05\/DSC09911-1920x1440.jpg\" title=\"\" data-rl_title=\"\" class=\"rl-gallery-link\" data-rl_caption=\"\" data-rel=\"lightbox-gallery-1\"><img loading=\"lazy\" decoding=\"async\" src=\"https:\/\/d1pierre10coups.be\/wordpress\/wp-content\/uploads\/2018\/05\/DSC09911-300x225.jpg\" width=\"300\" height=\"225\" alt=\"\" \/><\/a> <\/div> <\/div> <div class=\"rl-gallery-item\" > <div class=\"rl-gallery-item-content\"> <a href=\"https:\/\/d1pierre10coups.be\/wordpress\/wp-content\/uploads\/2018\/05\/DSC09912-1920x1440.jpg\" title=\"\" data-rl_title=\"\" class=\"rl-gallery-link\" data-rl_caption=\"\" data-rel=\"lightbox-gallery-1\"><img loading=\"lazy\" decoding=\"async\" src=\"https:\/\/d1pierre10coups.be\/wordpress\/wp-content\/uploads\/2018\/05\/DSC09912-300x225.jpg\" width=\"300\" height=\"225\" alt=\"\" \/><\/a> <\/div> <\/div> <div class=\"rl-gallery-item\" > <div class=\"rl-gallery-item-content\"> <a href=\"https:\/\/d1pierre10coups.be\/wordpress\/wp-content\/uploads\/2018\/05\/DSC09913-1920x1440.jpg\" title=\"\" data-rl_title=\"\" class=\"rl-gallery-link\" data-rl_caption=\"\" data-rel=\"lightbox-gallery-1\"><img loading=\"lazy\" decoding=\"async\" src=\"https:\/\/d1pierre10coups.be\/wordpress\/wp-content\/uploads\/2018\/05\/DSC09913-300x225.jpg\" width=\"300\" height=\"225\" alt=\"\" \/><\/a> <\/div> <\/div> <div class=\"rl-gallery-item\" > <div class=\"rl-gallery-item-content\"> <a href=\"https:\/\/d1pierre10coups.be\/wordpress\/wp-content\/uploads\/2018\/05\/DSC09914-1920x1440.jpg\" title=\"\" data-rl_title=\"\" class=\"rl-gallery-link\" data-rl_caption=\"\" data-rel=\"lightbox-gallery-1\"><img loading=\"lazy\" decoding=\"async\" src=\"https:\/\/d1pierre10coups.be\/wordpress\/wp-content\/uploads\/2018\/05\/DSC09914-300x225.jpg\" width=\"300\" height=\"225\" alt=\"\" \/><\/a> <\/div> <\/div> <div class=\"rl-gallery-item\" > <div class=\"rl-gallery-item-content\"> <a href=\"https:\/\/d1pierre10coups.be\/wordpress\/wp-content\/uploads\/2018\/05\/DSC09915-1920x1440.jpg\" title=\"\" data-rl_title=\"\" class=\"rl-gallery-link\" data-rl_caption=\"\" data-rel=\"lightbox-gallery-1\"><img loading=\"lazy\" decoding=\"async\" src=\"https:\/\/d1pierre10coups.be\/wordpress\/wp-content\/uploads\/2018\/05\/DSC09915-300x225.jpg\" width=\"300\" height=\"225\" alt=\"\" \/><\/a> <\/div> <\/div> <div class=\"rl-gallery-item\" > <div class=\"rl-gallery-item-content\"> <a href=\"https:\/\/d1pierre10coups.be\/wordpress\/wp-content\/uploads\/2018\/05\/DSC09916-1920x1440.jpg\" title=\"\" data-rl_title=\"\" class=\"rl-gallery-link\" data-rl_caption=\"\" data-rel=\"lightbox-gallery-1\"><img loading=\"lazy\" decoding=\"async\" src=\"https:\/\/d1pierre10coups.be\/wordpress\/wp-content\/uploads\/2018\/05\/DSC09916-300x225.jpg\" width=\"300\" height=\"225\" alt=\"\" \/><\/a> <\/div> <\/div> <div class=\"rl-gallery-item\" > <div class=\"rl-gallery-item-content\"> <a href=\"https:\/\/d1pierre10coups.be\/wordpress\/wp-content\/uploads\/2018\/05\/DSC09917-1920x1440.jpg\" title=\"\" data-rl_title=\"\" class=\"rl-gallery-link\" data-rl_caption=\"\" data-rel=\"lightbox-gallery-1\"><img loading=\"lazy\" decoding=\"async\" src=\"https:\/\/d1pierre10coups.be\/wordpress\/wp-content\/uploads\/2018\/05\/DSC09917-300x225.jpg\" width=\"300\" height=\"225\" alt=\"\" \/><\/a> <\/div> <\/div> <div class=\"rl-gallery-item\" > <div class=\"rl-gallery-item-content\"> <a href=\"https:\/\/d1pierre10coups.be\/wordpress\/wp-content\/uploads\/2018\/05\/DSC09918-1920x1440.jpg\" title=\"\" data-rl_title=\"\" class=\"rl-gallery-link\" data-rl_caption=\"\" data-rel=\"lightbox-gallery-1\"><img loading=\"lazy\" decoding=\"async\" src=\"https:\/\/d1pierre10coups.be\/wordpress\/wp-content\/uploads\/2018\/05\/DSC09918-300x225.jpg\" width=\"300\" height=\"225\" alt=\"\" \/><\/a> <\/div> <\/div> <\/div> <\/div><\/code><\/p>\n<p><a href=\"https:\/\/d1pierre10coups.be\/wordpress\/sejour-17-juillet-07-aout-2017\/\">&lt;&lt;\u00a0\u00a0 S\u00e9jour 07-2017<\/a><\/p>\n","protected":false},"excerpt":{"rendered":"<p>&lt;&lt;\u00a0\u00a0 S\u00e9jour 07-2017 20 juillet 2017: reboisement Mbine Fine \u00e0 Ndiaffate 25 juillet 2017: visite \u00e0 Malem-Hodar 07 ao\u00fbt 2017: visite EBS (Ecoles de Brousse au S\u00e9n\u00e9gal) Avec Moha-Albert, accueillis par l&rsquo;infatigable Ramatoulaye Ndao. Une visite autour des jardins communautaires et du nouveau si\u00e8ge en vo\u00fbte nubienne de l&rsquo;association Malem-Auder. &lt;&lt;\u00a0\u00a0 S\u00e9jour 07-2017<\/p>\n","protected":false},"author":1,"featured_media":0,"parent":7584,"menu_order":2,"comment_status":"closed","ping_status":"closed","template":"","meta":{"site-sidebar-layout":"default","site-content-layout":"","ast-site-content-layout":"default","site-content-style":"default","site-sidebar-style":"default","ast-global-header-display":"","ast-banner-title-visibility":"","ast-main-header-display":"","ast-hfb-above-header-display":"","ast-hfb-below-header-display":"","ast-hfb-mobile-header-display":"","site-post-title":"","ast-breadcrumbs-content":"","ast-featured-img":"","footer-sml-layout":"","ast-disable-related-posts":"","theme-transparent-header-meta":"","adv-header-id-meta":"","stick-header-meta":"","header-above-stick-meta":"","header-main-stick-meta":"","header-below-stick-meta":"","astra-migrate-meta-layouts":"default","ast-page-background-enabled":"default","ast-page-background-meta":{"desktop":{"background-color":"var(--ast-global-color-5)","background-image":"","background-repeat":"repeat","background-position":"center center","background-size":"auto","background-attachment":"scroll","background-type":"","background-media":"","overlay-type":"","overlay-color":"","overlay-opacity":"","overlay-gradient":""},"tablet":{"background-color":"","background-image":"","background-repeat":"repeat","background-position":"center center","background-size":"auto","background-attachment":"scroll","background-type":"","background-media":"","overlay-type":"","overlay-color":"","overlay-opacity":"","overlay-gradient":""},"mobile":{"background-color":"","background-image":"","background-repeat":"repeat","background-position":"center center","background-size":"auto","background-attachment":"scroll","background-type":"","background-media":"","overlay-type":"","overlay-color":"","overlay-opacity":"","overlay-gradient":""}},"ast-content-background-meta":{"desktop":{"background-color":"var(--ast-global-color-4)","background-image":"","background-repeat":"repeat","background-position":"center center","background-size":"auto","background-attachment":"scroll","background-type":"","background-media":"","overlay-type":"","overlay-color":"","overlay-opacity":"","overlay-gradient":""},"tablet":{"background-color":"var(--ast-global-color-4)","background-image":"","background-repeat":"repeat","background-position":"center center","background-size":"auto","background-attachment":"scroll","background-type":"","background-media":"","overlay-type":"","overlay-color":"","overlay-opacity":"","overlay-gradient":""},"mobile":{"background-color":"var(--ast-global-color-4)","background-image":"","background-repeat":"repeat","background-position":"center center","background-size":"auto","background-attachment":"scroll","background-type":"","background-media":"","overlay-type":"","overlay-color":"","overlay-opacity":"","overlay-gradient":""}},"footnotes":""},"class_list":["post-8066","page","type-page","status-publish","hentry"],"_links":{"self":[{"href":"https:\/\/d1pierre10coups.be\/wordpress\/wp-json\/wp\/v2\/pages\/8066","targetHints":{"allow":["GET"]}}],"collection":[{"href":"https:\/\/d1pierre10coups.be\/wordpress\/wp-json\/wp\/v2\/pages"}],"about":[{"href":"https:\/\/d1pierre10coups.be\/wordpress\/wp-json\/wp\/v2\/types\/page"}],"author":[{"embeddable":true,"href":"https:\/\/d1pierre10coups.be\/wordpress\/wp-json\/wp\/v2\/users\/1"}],"replies":[{"embeddable":true,"href":"https:\/\/d1pierre10coups.be\/wordpress\/wp-json\/wp\/v2\/comments?post=8066"}],"version-history":[{"count":0,"href":"https:\/\/d1pierre10coups.be\/wordpress\/wp-json\/wp\/v2\/pages\/8066\/revisions"}],"up":[{"embeddable":true,"href":"https:\/\/d1pierre10coups.be\/wordpress\/wp-json\/wp\/v2\/pages\/7584"}],"wp:attachment":[{"href":"https:\/\/d1pierre10coups.be\/wordpress\/wp-json\/wp\/v2\/media?parent=8066"}],"curies":[{"name":"wp","href":"https:\/\/api.w.org\/{rel}","templated":true}]}}