{"id":6692,"date":"2018-05-11T21:11:11","date_gmt":"2018-05-11T19:11:11","guid":{"rendered":"http:\/\/localhost\/wordpress\/?page_id=6519"},"modified":"2024-12-19T12:41:36","modified_gmt":"2024-12-19T11:41:36","slug":"ndiaffate","status":"publish","type":"page","link":"https:\/\/d1pierre10coups.be\/wordpress\/ndiaffate\/","title":{"rendered":"Ndiaffate"},"content":{"rendered":"<table border=\"0\" width=\"660\" cellspacing=\"0\" cellpadding=\"0\" align=\"center\">\n<tbody>\n<tr>\n<td align=\"center\" width=\"330\"><span style=\"color: #009933; font-family: Helvetica, Geneva, Arial, SunSans-Regular, sans-serif; font-size: small;\"><b>Juillet 2012: chantier AJDN &#8211; Le PAS<\/b><\/span><\/p>\n<p><span style=\"color: #009933; font-family: Helvetica, Geneva, Arial, SunSans-Regular, sans-serif; font-size: small;\"><a href=\"https:\/\/d1pierre10coups.be\/Photos\/Galleries\/Ndiaffate2012.html\">les photos<\/a><\/span><\/td>\n<td width=\"330\"><a href=\"https:\/\/d1pierre10coups.be\/Photos\/Galleries\/Ndiaffate2012.html\"><img decoding=\"async\" src=\"https:\/\/d1pierre10coups.be\/wordpress\/wp-content\/uploads\/2024\/01\/LePAS2012.jpg\" \/><\/a><\/td>\n<\/tr>\n<tr>\n<td align=\"center\"><a href=\"https:\/\/d1pierre10coups.be\/wordpress\/wp-content\/uploads\/2024\/01\/rapport-cyber-4-mois.pdf\"><img decoding=\"async\" src=\"https:\/\/d1pierre10coups.be\/wordpress\/wp-content\/uploads\/2024\/01\/rapport-cyber-4-mois.jpg\" alt=\"projet cyber\" align=\"absmiddle\" \/><\/a><\/td>\n<td align=\"center\"><span style=\"color: #009933; font-family: Helvetica, Geneva, Arial, SunSans-Regular, sans-serif; font-size: small;\"><b>Ao\u00fbt 2011: 4 mois d&rsquo;ouverture du cyber<\/b><\/span><\/p>\n<p><span style=\"color: #009933; font-family: Helvetica, Geneva, Arial, SunSans-Regular, sans-serif; font-size: small;\"><a href=\"https:\/\/d1pierre10coups.be\/wordpress\/wp-content\/uploads\/2024\/01\/rapport-cyber-4-mois.pdf\">bilan<\/a><\/span><\/td>\n<\/tr>\n<tr>\n<td align=\"center\"><span style=\"color: #009933; font-family: Helvetica, Geneva, Arial, SunSans-Regular, sans-serif; font-size: small;\"><b>2010: bient\u00f4t internet \u00e0 Ndiaffate ?<\/b><\/span><\/p>\n<p><span style=\"color: #009933; font-family: Helvetica, Geneva, Arial, SunSans-Regular, sans-serif; font-size: small;\"><a href=\"https:\/\/d1pierre10coups.be\/wordpress\/wp-content\/uploads\/2024\/01\/projet-cyber-ndiaffate-escale.pdf\">description du projet \u00ab\u00a0cyber\u00a0\u00bb<\/a><\/span><\/td>\n<td align=\"center\"><a href=\"https:\/\/d1pierre10coups.be\/wordpress\/wp-content\/uploads\/2024\/01\/projet-cyber-ndiaffate-escale.pdf\"><img loading=\"lazy\" decoding=\"async\" class=\"alignnone\" src=\"https:\/\/d1pierre10coups.be\/wordpress\/wp-content\/uploads\/2024\/01\/rprojet-cyber-ndiaffate-escale.jpg\" alt=\"projet cyber\" width=\"558\" height=\"631\" align=\"absmiddle\" \/><\/a><\/td>\n<\/tr>\n<tr>\n<td align=\"center\"><a href=\"https:\/\/d1pierre10coups.be\/wordpress\/wp-content\/uploads\/2024\/01\/visite-ndiaffate.pdf\"><img decoding=\"async\" src=\"https:\/\/d1pierre10coups.be\/wordpress\/wp-content\/uploads\/2024\/01\/rvisite-ndiaffate.jpg\" alt=\"visite le pas\" align=\"middle\" \/><\/a><\/td>\n<td align=\"center\"><span style=\"color: #009933; font-family: Helvetica, Geneva, Arial, SunSans-Regular, sans-serif; font-size: small;\"><b>Le PAS International \u00e0 Ndiaffate<\/b><\/span><\/p>\n<p><span style=\"color: #009933; font-family: Helvetica, Geneva, Arial, SunSans-Regular, sans-serif; font-size: small;\"><a href=\"https:\/\/d1pierre10coups.be\/wordpress\/wp-content\/uploads\/2024\/01\/visite-ndiaffate.pdf\">compte-rendu de la visite<\/a><\/span><\/td>\n<\/tr>\n<tr>\n<td align=\"center\" width=\"330\"><span style=\"color: #009933; font-family: Helvetica, Geneva, Arial, SunSans-Regular, sans-serif; font-size: small;\"><b>Avril 2009: le PAS International \u00e0 Ndiaffate<\/b><\/span><\/p>\n<p><span style=\"color: #009933; font-family: Helvetica, Geneva, Arial, SunSans-Regular, sans-serif; font-size: small;\"><a href=\"https:\/\/d1pierre10coups.be\/Photos\/Galleries\/Le PAS a Ndiaffate\/index.html\">les photos<\/a><\/span><\/td>\n<td width=\"330\"><a href=\"https:\/\/d1pierre10coups.be\/Photos\/Galleries\/Le PAS a Ndiaffate\/index.html\"><img decoding=\"async\" src=\"https:\/\/d1pierre10coups.be\/wordpress\/wp-content\/uploads\/2024\/01\/LePAS2009.jpg\" \/><\/a><\/td>\n<\/tr>\n<tr>\n<td align=\"center\"><a href=\"https:\/\/d1pierre10coups.be\/ndiaffatewebsite\/index_ndiaffate.html\"><img decoding=\"async\" src=\"https:\/\/d1pierre10coups.be\/wordpress\/wp-content\/uploads\/2024\/01\/rSC06059.jpg\" alt=\"\" width=\"130\" border=\"0\" \/><img loading=\"lazy\" decoding=\"async\" class=\"alignnone\" src=\"https:\/\/d1pierre10coups.be\/wordpress\/wp-content\/uploads\/2024\/01\/rSC05913.jpg\" alt=\"\" width=\"130\" height=\"872\" border=\"0\" \/><\/a><\/td>\n<td align=\"center\"><span style=\"color: #009933; font-family: Helvetica, Geneva, Arial, SunSans-Regular, sans-serif; font-size: small;\"><b>Ernest et Juan-Carlos vous pr\u00e9sentent leur village<\/b><\/span><\/p>\n<p><span style=\"color: #009933; font-family: Helvetica, Geneva, Arial, SunSans-Regular, sans-serif; font-size: small;\"><a href=\"https:\/\/d1pierre10coups.be\/ndiaffatewebsite\/index_ndiaffate.html\">pages con\u00e7ues par Coly Senghor<\/a><\/span><\/td>\n<\/tr>\n<\/tbody>\n<\/table>\n","protected":false},"excerpt":{"rendered":"<p>Juillet 2012: chantier AJDN &#8211; Le PAS les photos Ao\u00fbt 2011: 4 mois d&rsquo;ouverture du cyber bilan 2010: bient\u00f4t internet \u00e0 Ndiaffate ? description du projet \u00ab\u00a0cyber\u00a0\u00bb Le PAS International \u00e0 Ndiaffate compte-rendu de la visite Avril 2009: le PAS International \u00e0 Ndiaffate les photos Ernest et Juan-Carlos vous pr\u00e9sentent leur village pages con\u00e7ues par [&hellip;]<\/p>\n","protected":false},"author":1,"featured_media":0,"parent":0,"menu_order":0,"comment_status":"closed","ping_status":"closed","template":"","meta":{"site-sidebar-layout":"default","site-content-layout":"","ast-site-content-layout":"default","site-content-style":"default","site-sidebar-style":"default","ast-global-header-display":"","ast-banner-title-visibility":"","ast-main-header-display":"","ast-hfb-above-header-display":"","ast-hfb-below-header-display":"","ast-hfb-mobile-header-display":"","site-post-title":"","ast-breadcrumbs-content":"","ast-featured-img":"","footer-sml-layout":"","ast-disable-related-posts":"","theme-transparent-header-meta":"","adv-header-id-meta":"","stick-header-meta":"","header-above-stick-meta":"","header-main-stick-meta":"","header-below-stick-meta":"","astra-migrate-meta-layouts":"default","ast-page-background-enabled":"default","ast-page-background-meta":{"desktop":{"background-color":"var(--ast-global-color-5)","background-image":"","background-repeat":"repeat","background-position":"center center","background-size":"auto","background-attachment":"scroll","background-type":"","background-media":"","overlay-type":"","overlay-color":"","overlay-opacity":"","overlay-gradient":""},"tablet":{"background-color":"","background-image":"","background-repeat":"repeat","background-position":"center center","background-size":"auto","background-attachment":"scroll","background-type":"","background-media":"","overlay-type":"","overlay-color":"","overlay-opacity":"","overlay-gradient":""},"mobile":{"background-color":"","background-image":"","background-repeat":"repeat","background-position":"center center","background-size":"auto","background-attachment":"scroll","background-type":"","background-media":"","overlay-type":"","overlay-color":"","overlay-opacity":"","overlay-gradient":""}},"ast-content-background-meta":{"desktop":{"background-color":"var(--ast-global-color-4)","background-image":"","background-repeat":"repeat","background-position":"center center","background-size":"auto","background-attachment":"scroll","background-type":"","background-media":"","overlay-type":"","overlay-color":"","overlay-opacity":"","overlay-gradient":""},"tablet":{"background-color":"var(--ast-global-color-4)","background-image":"","background-repeat":"repeat","background-position":"center center","background-size":"auto","background-attachment":"scroll","background-type":"","background-media":"","overlay-type":"","overlay-color":"","overlay-opacity":"","overlay-gradient":""},"mobile":{"background-color":"var(--ast-global-color-4)","background-image":"","background-repeat":"repeat","background-position":"center center","background-size":"auto","background-attachment":"scroll","background-type":"","background-media":"","overlay-type":"","overlay-color":"","overlay-opacity":"","overlay-gradient":""}},"footnotes":""},"class_list":["post-6692","page","type-page","status-publish","hentry"],"_links":{"self":[{"href":"https:\/\/d1pierre10coups.be\/wordpress\/wp-json\/wp\/v2\/pages\/6692","targetHints":{"allow":["GET"]}}],"collection":[{"href":"https:\/\/d1pierre10coups.be\/wordpress\/wp-json\/wp\/v2\/pages"}],"about":[{"href":"https:\/\/d1pierre10coups.be\/wordpress\/wp-json\/wp\/v2\/types\/page"}],"author":[{"embeddable":true,"href":"https:\/\/d1pierre10coups.be\/wordpress\/wp-json\/wp\/v2\/users\/1"}],"replies":[{"embeddable":true,"href":"https:\/\/d1pierre10coups.be\/wordpress\/wp-json\/wp\/v2\/comments?post=6692"}],"version-history":[{"count":4,"href":"https:\/\/d1pierre10coups.be\/wordpress\/wp-json\/wp\/v2\/pages\/6692\/revisions"}],"predecessor-version":[{"id":12566,"href":"https:\/\/d1pierre10coups.be\/wordpress\/wp-json\/wp\/v2\/pages\/6692\/revisions\/12566"}],"wp:attachment":[{"href":"https:\/\/d1pierre10coups.be\/wordpress\/wp-json\/wp\/v2\/media?parent=6692"}],"curies":[{"name":"wp","href":"https:\/\/api.w.org\/{rel}","templated":true}]}}