{"id":4789,"date":"2018-05-23T18:03:51","date_gmt":"2018-05-23T16:03:51","guid":{"rendered":"http:\/\/d1pierre10coups.be\/wordpress\/?page_id=4789"},"modified":"2019-10-20T17:25:15","modified_gmt":"2019-10-20T15:25:15","slug":"galeries-photos","status":"publish","type":"page","link":"https:\/\/d1pierre10coups.be\/wordpress\/galeries-photos\/","title":{"rendered":"Galeries photos"},"content":{"rendered":"<p>Format adapt\u00e9 aux supports mobiles<\/p>\n<style type=\"text\/css\">\n<!-- .sel1 { font-family: Arial, Helvetica, sans-serif; font-size: 28px; line-height:5px; } --><\/style>\n<style type=\"text\/css\">\n<!-- .sel2 { font-family: Arial, Helvetica, sans-serif; font-size: 24px; line-height:1px; } --><\/style>\n<table>\n<tbody background=\"https:\/\/d1pierre10coups.be\/Photos\/Galleries\/mix1a.jpg\">\n<tr>\n<td>\n<div align=\"center\">\n<div align=\"center\"><a class=\"sel1\" href=\"https:\/\/d1pierre10coups.be\/wordpress\/sorties-pedagogiques\/\">S\u00e9jour 11-2018<\/a><\/div>\n<p><\/p>\n<div align=\"center\"><a class=\"sel1\" href=\"https:\/\/d1pierre10coups.be\/wordpress\/sejour-1er-fevrier-8-mars-2018-2\/\">S\u00e9jour 02-2018<\/a><\/div>\n<\/div>\n<p><\/p>\n<div align=\"center\"><a class=\"sel1\" href=\"https:\/\/d1pierre10coups.be\/wordpress\/sejour-17-juillet-07-aout-2017\/\">S\u00e9jour 07-2017<\/a><\/div>\n<p><\/p>\n<div align=\"center\"><a class=\"sel1\" href=\"https:\/\/d1pierre10coups.be\/wordpress\/sejour-24-nov-2016-19-jan-2017\/\">S\u00e9jour 12-2016<\/a><\/div>\n<p><\/p>\n<div align=\"center\"><a class=\"sel1\" href=\"https:\/\/d1pierre10coups.be\/wordpress\/sejour-23-sept-10-nov-2015\/\">S\u00e9jour 10-2015<\/a><\/div>\n<\/td>\n<p>\n<\/tbody>\n<\/table>\n<p>Ancien format<\/p>\n<table>\n<tbody background=\"https:\/\/d1pierre10coups.be\/Photos\/Galleries\/mix3.jpg\">\n<tr>\n<td>\n<div align=\"center\"><a class=\"sel2\" href=\"https:\/\/d1pierre10coups.be\/Photos\/Galleries\/Barmathial%202013-03\/index.html\">Visite 03-2013<\/a><\/div>\n<p><\/p>\n<div align=\"center\"><a class=\"sel2\" href=\"https:\/\/d1pierre10coups.be\/Photos\/Galleries\/barma2011.html\">Visite 12-2011<\/a><\/div>\n<p><\/p>\n<div align=\"center\"><a class=\"sel2\" href=\"https:\/\/d1pierre10coups.be\/Photos\/Galleries\/Barmathial%202011-06%20fete%20ecole\/index.html\">F\u00eate \u00e9cole 6-2011<\/a><\/div>\n<p><\/p>\n<div align=\"center\"><a class=\"sel2\" href=\"https:\/\/d1pierre10coups.be\/Photos\/Galleries\/Barmathial%202010-10\/index.html\">Visite 10-2010<\/a><\/div>\n<p><\/p>\n<div align=\"center\"><a class=\"sel2\" href=\"https:\/\/d1pierre10coups.be\/Photos\/Galleries\/Barmathial%202009-12\/index.html\">Visite 12-2009<\/a><\/div>\n<p><\/p>\n<div align=\"center\"><a class=\"sel2\" href=\"https:\/\/d1pierre10coups.be\/Photos\/Galleries\/Barmathial%202008-10\/index.html\">Visite 10-2008<\/a><\/div>\n<p><\/p>\n<div align=\"center\"><a class=\"sel2\" href=\"https:\/\/d1pierre10coups.be\/Photos\/Galleries\/Barmathial%202007-12\/index.html\">Visite 12-2007<\/a><\/div>\n<p><\/p>\n<div align=\"center\"><a class=\"sel2\" href=\"https:\/\/d1pierre10coups.be\/Photos\/Galleries\/Barmathial%202007-02\/index.html\">Visite 02-2007<\/a><\/div>\n<p><\/p>\n<div align=\"center\"><a class=\"sel2\" href=\"https:\/\/d1pierre10coups.be\/Photos\/Galleries\/Barmathial%202005-10\/index.html\">Visite 10-2005<\/a><\/div>\n<p><\/p>\n<div align=\"center\"><a class=\"sel2\" href=\"https:\/\/d1pierre10coups.be\/Photos\/Galleries\/Barmathial%202005-01\/index.html\">Visite 01-2005<\/a><\/div>\n<p><\/p>\n<div align=\"center\"><a class=\"sel2\" href=\"https:\/\/d1pierre10coups.be\/Photos\/Galleries\/Barmathial%202000-12\/index.html\">Visite 12-2000<\/a><\/div>\n<\/td>\n<\/tr>\n<\/tbody>\n<\/table>\n","protected":false},"excerpt":{"rendered":"<p>Format adapt\u00e9 aux supports mobiles S\u00e9jour 11-2018 S\u00e9jour 02-2018 S\u00e9jour 07-2017 S\u00e9jour 12-2016 S\u00e9jour 10-2015 Ancien format Visite 03-2013 Visite 12-2011 F\u00eate \u00e9cole 6-2011 Visite 10-2010 Visite 12-2009 Visite 10-2008 Visite 12-2007 Visite 02-2007 Visite 10-2005 Visite 01-2005 Visite 12-2000<\/p>\n","protected":false},"author":1,"featured_media":0,"parent":0,"menu_order":0,"comment_status":"closed","ping_status":"closed","template":"","meta":{"site-sidebar-layout":"default","site-content-layout":"","ast-site-content-layout":"default","site-content-style":"default","site-sidebar-style":"default","ast-global-header-display":"","ast-banner-title-visibility":"","ast-main-header-display":"","ast-hfb-above-header-display":"","ast-hfb-below-header-display":"","ast-hfb-mobile-header-display":"","site-post-title":"","ast-breadcrumbs-content":"","ast-featured-img":"","footer-sml-layout":"","ast-disable-related-posts":"","theme-transparent-header-meta":"","adv-header-id-meta":"","stick-header-meta":"","header-above-stick-meta":"","header-main-stick-meta":"","header-below-stick-meta":"","astra-migrate-meta-layouts":"default","ast-page-background-enabled":"default","ast-page-background-meta":{"desktop":{"background-color":"var(--ast-global-color-5)","background-image":"","background-repeat":"repeat","background-position":"center center","background-size":"auto","background-attachment":"scroll","background-type":"","background-media":"","overlay-type":"","overlay-color":"","overlay-opacity":"","overlay-gradient":""},"tablet":{"background-color":"","background-image":"","background-repeat":"repeat","background-position":"center center","background-size":"auto","background-attachment":"scroll","background-type":"","background-media":"","overlay-type":"","overlay-color":"","overlay-opacity":"","overlay-gradient":""},"mobile":{"background-color":"","background-image":"","background-repeat":"repeat","background-position":"center center","background-size":"auto","background-attachment":"scroll","background-type":"","background-media":"","overlay-type":"","overlay-color":"","overlay-opacity":"","overlay-gradient":""}},"ast-content-background-meta":{"desktop":{"background-color":"var(--ast-global-color-4)","background-image":"","background-repeat":"repeat","background-position":"center center","background-size":"auto","background-attachment":"scroll","background-type":"","background-media":"","overlay-type":"","overlay-color":"","overlay-opacity":"","overlay-gradient":""},"tablet":{"background-color":"var(--ast-global-color-4)","background-image":"","background-repeat":"repeat","background-position":"center center","background-size":"auto","background-attachment":"scroll","background-type":"","background-media":"","overlay-type":"","overlay-color":"","overlay-opacity":"","overlay-gradient":""},"mobile":{"background-color":"var(--ast-global-color-4)","background-image":"","background-repeat":"repeat","background-position":"center center","background-size":"auto","background-attachment":"scroll","background-type":"","background-media":"","overlay-type":"","overlay-color":"","overlay-opacity":"","overlay-gradient":""}},"footnotes":""},"class_list":["post-4789","page","type-page","status-publish","hentry"],"_links":{"self":[{"href":"https:\/\/d1pierre10coups.be\/wordpress\/wp-json\/wp\/v2\/pages\/4789","targetHints":{"allow":["GET"]}}],"collection":[{"href":"https:\/\/d1pierre10coups.be\/wordpress\/wp-json\/wp\/v2\/pages"}],"about":[{"href":"https:\/\/d1pierre10coups.be\/wordpress\/wp-json\/wp\/v2\/types\/page"}],"author":[{"embeddable":true,"href":"https:\/\/d1pierre10coups.be\/wordpress\/wp-json\/wp\/v2\/users\/1"}],"replies":[{"embeddable":true,"href":"https:\/\/d1pierre10coups.be\/wordpress\/wp-json\/wp\/v2\/comments?post=4789"}],"version-history":[{"count":4,"href":"https:\/\/d1pierre10coups.be\/wordpress\/wp-json\/wp\/v2\/pages\/4789\/revisions"}],"predecessor-version":[{"id":10394,"href":"https:\/\/d1pierre10coups.be\/wordpress\/wp-json\/wp\/v2\/pages\/4789\/revisions\/10394"}],"wp:attachment":[{"href":"https:\/\/d1pierre10coups.be\/wordpress\/wp-json\/wp\/v2\/media?parent=4789"}],"curies":[{"name":"wp","href":"https:\/\/api.w.org\/{rel}","templated":true}]}}