{"id":4771,"date":"2018-09-23T15:28:47","date_gmt":"2018-09-23T13:28:47","guid":{"rendered":"http:\/\/d1pierre10coups.be\/wordpress\/?page_id=4771"},"modified":"2025-11-06T10:00:46","modified_gmt":"2025-11-06T09:00:46","slug":"historique-mails","status":"publish","type":"page","link":"https:\/\/d1pierre10coups.be\/wordpress\/historique-mails\/","title":{"rendered":"Historique des mails d&rsquo;appel aux dons"},"content":{"rendered":"<p>Cette page r\u00e9unit les emails d&rsquo;appel aux dons envoy\u00e9s depuis 2009 et devenus g\u00e9n\u00e9ralement annuels.<\/p>\n<p>Une mani\u00e8re de \u00ab\u00a0relire\u00a0\u00bb l&rsquo;\u00e9volution du projet, de ses priorit\u00e9s, de ses r\u00e9sultats et de ses difficult\u00e9s du moment.<\/p>\n<table border=\"0\" width=\"550\">\n<tbody>\n<tr>\n<td width=\"122\">\n<div align=\"right\"><strong><span class=\"arial\">(oct. 2025) <\/span><\/strong><\/div>\n<\/td>\n<td class=\"arial\" colspan=\"4\"><strong><a href=\"https:\/\/d1pierre10coups.be\/wordpress\/wp-content\/uploads\/2025\/10\/appel_2025-10.pdf\">d1pierre10coups: des moments forts en 2025 !<\/a><\/strong><\/td>\n<\/tr>\n<tr>\n<td width=\"118\">\n<div align=\"right\"><span class=\"arial\">(oct. 2024) <\/span><\/div>\n<\/td>\n<td class=\"arial\" colspan=\"4\"><a href=\"https:\/\/d1pierre10coups.be\/wordpress\/wp-content\/uploads\/2024\/10\/appel_2024-10.pdf\">d1pierre10coups: misons ensemble sur un avenir gagnant !<\/a><\/td>\n<\/tr>\n<tr>\n<td width=\"118\">\n<div align=\"right\"><span class=\"arial\">(nov. 2022) <\/span><\/div>\n<\/td>\n<td class=\"arial\" colspan=\"4\"><a href=\"https:\/\/d1pierre10coups.be\/wordpress\/wp-content\/uploads\/2024\/01\/appel_2022-11.pdf\">d1pierre10coups: des bonnes nouvelles et une injustice<\/a><\/td>\n<\/tr>\n<tr>\n<td width=\"118\">\n<div align=\"right\"><span class=\"arial\">(f\u00e9v. 2022) <\/span><\/div>\n<\/td>\n<td class=\"arial\" colspan=\"4\"><a href=\"https:\/\/d1pierre10coups.be\/wordpress\/wp-content\/uploads\/2024\/01\/appel_2022-02.pdf\">Mownind\u00e9 Moha ! 30 ans, \u00e7a se f\u00eate. En famille !<\/a><\/td>\n<\/tr>\n<tr>\n<td width=\"118\">\n<div align=\"right\"><span class=\"arial\">(mai 2021) <\/span><\/div>\n<\/td>\n<td class=\"arial\" colspan=\"4\"><a href=\"https:\/\/d1pierre10coups.be\/wordpress\/wp-content\/uploads\/2024\/01\/appel_2021-05.pdf\">Barmathial-sur-Senne: news de Moha-Albert et appel \u00e0 l\u2019interaction!<\/a><\/td>\n<\/tr>\n<tr>\n<td width=\"118\">\n<div align=\"right\"><span class=\"arial\">(oct. 2020) <\/span><\/div>\n<\/td>\n<td class=\"arial\" colspan=\"4\"><a href=\"https:\/\/d1pierre10coups.be\/wordpress\/wp-content\/uploads\/2024\/01\/appel_2020-10.pdf\">Barmathial-sur-Seine<\/a><\/td>\n<\/tr>\n<tr>\n<td width=\"118\">\n<div align=\"right\"><span class=\"arial\">(oct. 2019) <\/span><\/div>\n<\/td>\n<td class=\"arial\" colspan=\"4\"><a href=\"https:\/\/d1pierre10coups.be\/wordpress\/wp-content\/uploads\/2024\/01\/appel_2019-10.pdf\">Barmathial et d1pierre10coups : reprise apr\u00e8s la crise ?<\/a><\/td>\n<\/tr>\n<tr>\n<td width=\"118\">\n<div align=\"right\"><span class=\"arial\">(sept. 2018) <\/span><\/div>\n<\/td>\n<td class=\"arial\" colspan=\"4\"><a href=\"https:\/\/d1pierre10coups.be\/wordpress\/wp-content\/uploads\/2024\/01\/appel_2018-09.pdf\">Barmathial: 10 fois plus forts ensemble !<\/a><\/td>\n<\/tr>\n<tr>\n<td>\n<div align=\"right\"><span class=\"arial\">(sept. 2017) <\/span><\/div>\n<\/td>\n<td class=\"arial\" colspan=\"4\"><a href=\"https:\/\/d1pierre10coups.be\/wordpress\/wp-content\/uploads\/2024\/01\/appel_2017-09.pdf\">Ce que les students de Barmathial deviennent gr\u00e2ce \u00e0 vous<\/a><\/td>\n<\/tr>\n<tr>\n<td>\n<div align=\"right\"><span class=\"arial\">(sept. 2016) <\/span><\/div>\n<\/td>\n<td class=\"arial\" colspan=\"4\"><a href=\"https:\/\/d1pierre10coups.be\/wordpress\/wp-content\/uploads\/2024\/01\/appel_2016-09.pdf\">Barmathial: les jeunes prennent les choses en main !<\/a><\/td>\n<\/tr>\n<tr>\n<td>\n<div align=\"right\"><span class=\"arial\">(oct. 2015) <\/span><\/div>\n<\/td>\n<td class=\"arial\" colspan=\"4\"><a href=\"https:\/\/d1pierre10coups.be\/wordpress\/wp-content\/uploads\/2024\/01\/appel_2015-10.pdf\">Barmathial: l&rsquo;appel du terrain<\/a><\/td>\n<\/tr>\n<tr>\n<td width=\"78\">\n<div align=\"right\"><span class=\"arial\">(oct. 2014) <\/span><\/div>\n<\/td>\n<td class=\"arial\" colspan=\"4\"><a href=\"https:\/\/d1pierre10coups.be\/wordpress\/wp-content\/uploads\/2024\/01\/appel_2014-10.pdf\">Des nouvelles \u00e0 l&rsquo;appel: donner, c&rsquo;est semer !<\/a><\/td>\n<\/tr>\n<tr>\n<td>\n<div align=\"right\"><span class=\"arial\">(oct. 2013)<\/span><\/div>\n<\/td>\n<td colspan=\"4\"><a class=\"arial\" href=\"https:\/\/d1pierre10coups.be\/wordpress\/wp-content\/uploads\/2024\/01\/appel_2013-10.pdf\">1, 2, 3, &#8230; 70 Barmathial-naab\u00e9 comptent&#8230; sur vous !<\/a><\/td>\n<\/tr>\n<tr>\n<td>\n<div align=\"right\"><span class=\"arial\">(sept. 2012)<\/span><\/div>\n<\/td>\n<td colspan=\"4\"><a class=\"arial\" href=\"https:\/\/d1pierre10coups.be\/wordpress\/wp-content\/uploads\/2024\/01\/appel_2012-09.pdf\">Barmathial: Objectif BAC !<\/a><\/td>\n<\/tr>\n<tr>\n<td>\n<div align=\"right\"><span class=\"arial\">(sept. 2011)<\/span><\/div>\n<\/td>\n<td class=\"arial\" colspan=\"4\"><a href=\"https:\/\/d1pierre10coups.be\/wordpress\/wp-content\/uploads\/2024\/01\/appel_2011-09.pdf\">7 x 9 = ?<\/a><\/td>\n<\/tr>\n<tr>\n<td>\n<div align=\"right\"><span class=\"arial\">(ao\u00fbt 2010)<\/span><\/div>\n<\/td>\n<td class=\"arial\" colspan=\"4\"><a href=\"https:\/\/d1pierre10coups.be\/wordpress\/wp-content\/uploads\/2024\/01\/appel_2010-08.pdf\">Au Fouta aussi, bient\u00f4t la rentr\u00e9e des classes ! L&rsquo;aventure continue&#8230;<\/a><\/td>\n<\/tr>\n<tr>\n<td>\n<div align=\"right\"><span class=\"arial\">(oct. 2009)<\/span><\/div>\n<\/td>\n<td class=\"arial\" colspan=\"4\"><a href=\"https:\/\/d1pierre10coups.be\/wordpress\/wp-content\/uploads\/2024\/01\/appel_2009-10.pdf\">Barmathial (S\u00e9n\u00e9gal): \u00e7a continue<\/a><\/td>\n<\/tr>\n<tr>\n<td>\n<div align=\"right\"><span class=\"arial\">(f\u00e9v. 2009)<\/span><\/div>\n<\/td>\n<td colspan=\"4\"><span class=\"arial\"><a href=\"https:\/\/d1pierre10coups.be\/wordpress\/wp-content\/uploads\/2024\/01\/appel_2009-02.pdf\">S\u00e9n\u00e9gal: MERCI, quelques news et nouvel appel solidaire<\/a><\/span><\/td>\n<\/tr>\n<\/tbody>\n<\/table>\n","protected":false},"excerpt":{"rendered":"<p>Cette page r\u00e9unit les emails d&rsquo;appel aux dons envoy\u00e9s depuis 2009 et devenus g\u00e9n\u00e9ralement annuels. Une mani\u00e8re de \u00ab\u00a0relire\u00a0\u00bb l&rsquo;\u00e9volution du projet, de ses priorit\u00e9s, de ses r\u00e9sultats et de ses difficult\u00e9s du moment. (oct. 2025) d1pierre10coups: des moments forts en 2025 ! (oct. 2024) d1pierre10coups: misons ensemble sur un avenir gagnant ! (nov. 2022) [&hellip;]<\/p>\n","protected":false},"author":1,"featured_media":0,"parent":0,"menu_order":0,"comment_status":"closed","ping_status":"closed","template":"","meta":{"site-sidebar-layout":"default","site-content-layout":"","ast-site-content-layout":"default","site-content-style":"default","site-sidebar-style":"default","ast-global-header-display":"","ast-banner-title-visibility":"","ast-main-header-display":"","ast-hfb-above-header-display":"","ast-hfb-below-header-display":"","ast-hfb-mobile-header-display":"","site-post-title":"","ast-breadcrumbs-content":"","ast-featured-img":"","footer-sml-layout":"","ast-disable-related-posts":"","theme-transparent-header-meta":"","adv-header-id-meta":"","stick-header-meta":"","header-above-stick-meta":"","header-main-stick-meta":"","header-below-stick-meta":"","astra-migrate-meta-layouts":"default","ast-page-background-enabled":"default","ast-page-background-meta":{"desktop":{"background-color":"var(--ast-global-color-5)","background-image":"","background-repeat":"repeat","background-position":"center center","background-size":"auto","background-attachment":"scroll","background-type":"","background-media":"","overlay-type":"","overlay-color":"","overlay-opacity":"","overlay-gradient":""},"tablet":{"background-color":"","background-image":"","background-repeat":"repeat","background-position":"center center","background-size":"auto","background-attachment":"scroll","background-type":"","background-media":"","overlay-type":"","overlay-color":"","overlay-opacity":"","overlay-gradient":""},"mobile":{"background-color":"","background-image":"","background-repeat":"repeat","background-position":"center center","background-size":"auto","background-attachment":"scroll","background-type":"","background-media":"","overlay-type":"","overlay-color":"","overlay-opacity":"","overlay-gradient":""}},"ast-content-background-meta":{"desktop":{"background-color":"var(--ast-global-color-4)","background-image":"","background-repeat":"repeat","background-position":"center center","background-size":"auto","background-attachment":"scroll","background-type":"","background-media":"","overlay-type":"","overlay-color":"","overlay-opacity":"","overlay-gradient":""},"tablet":{"background-color":"var(--ast-global-color-4)","background-image":"","background-repeat":"repeat","background-position":"center center","background-size":"auto","background-attachment":"scroll","background-type":"","background-media":"","overlay-type":"","overlay-color":"","overlay-opacity":"","overlay-gradient":""},"mobile":{"background-color":"var(--ast-global-color-4)","background-image":"","background-repeat":"repeat","background-position":"center center","background-size":"auto","background-attachment":"scroll","background-type":"","background-media":"","overlay-type":"","overlay-color":"","overlay-opacity":"","overlay-gradient":""}},"footnotes":""},"class_list":["post-4771","page","type-page","status-publish","hentry"],"_links":{"self":[{"href":"https:\/\/d1pierre10coups.be\/wordpress\/wp-json\/wp\/v2\/pages\/4771","targetHints":{"allow":["GET"]}}],"collection":[{"href":"https:\/\/d1pierre10coups.be\/wordpress\/wp-json\/wp\/v2\/pages"}],"about":[{"href":"https:\/\/d1pierre10coups.be\/wordpress\/wp-json\/wp\/v2\/types\/page"}],"author":[{"embeddable":true,"href":"https:\/\/d1pierre10coups.be\/wordpress\/wp-json\/wp\/v2\/users\/1"}],"replies":[{"embeddable":true,"href":"https:\/\/d1pierre10coups.be\/wordpress\/wp-json\/wp\/v2\/comments?post=4771"}],"version-history":[{"count":7,"href":"https:\/\/d1pierre10coups.be\/wordpress\/wp-json\/wp\/v2\/pages\/4771\/revisions"}],"predecessor-version":[{"id":12841,"href":"https:\/\/d1pierre10coups.be\/wordpress\/wp-json\/wp\/v2\/pages\/4771\/revisions\/12841"}],"wp:attachment":[{"href":"https:\/\/d1pierre10coups.be\/wordpress\/wp-json\/wp\/v2\/media?parent=4771"}],"curies":[{"name":"wp","href":"https:\/\/api.w.org\/{rel}","templated":true}]}}