{"id":1793,"date":"2013-11-11T13:40:13","date_gmt":"2013-11-11T12:40:13","guid":{"rendered":"http:\/\/d1pierre10coups.be\/wordpress\/?page_id=1793"},"modified":"2026-03-25T09:46:29","modified_gmt":"2026-03-25T08:46:29","slug":"a-propos-d1pierre10coups","status":"publish","type":"page","link":"https:\/\/d1pierre10coups.be\/wordpress\/a-propos-d1pierre10coups\/","title":{"rendered":"A propos d1pierre10coups"},"content":{"rendered":"<p>Mon nom est Pierre Van Dooren, bruxellois, n\u00e9 en 1962.<\/p>\n<p><img loading=\"lazy\" decoding=\"async\" class=\"alignleft wp-image-5373\" src=\"https:\/\/d1pierre10coups.be\/wordpress\/wp-content\/uploads\/2013\/11\/Save0001-300x181.jpg\" width=\"230\" height=\"139\" \/>Apr\u00e8s\u00a0une\u00a0d\u00e9couverte de l&rsquo;Afrique de l&rsquo;Ouest (S\u00e9n\u00e9gal, Gambie, Mali, Burkina Faso, C\u00f4te d&rsquo;Ivoire) pendant quelques mois en 1992, c&rsquo;est une\u00a0travers\u00e9e (en camionnette et \u00e0 moto) du Maroc, du Sahara Occidental et de la Mauritanie qui m&rsquo;a ramen\u00e9 au S\u00e9n\u00e9gal en 1999.<\/p>\n<p>Depuis, les s\u00e9jours au S\u00e9n\u00e9gal se sont succ\u00e9d\u00e9 r\u00e9guli\u00e8rement.<\/p>\n<p>Mes premiers points de chute principaux ont \u00e9t\u00e9 dans les r\u00e9gions du Fouta (Barmathial) et du Saloum (Ndiaffate).<\/p>\n<p>Ce site rassemble les informations relatives aux projets de solidarit\u00e9 men\u00e9s avec ces villages.<\/p>\n<ul>\n<li>A <strong>Barmathial<\/strong>, le projet de <strong>soutien aux premiers \u00e9l\u00e8ves au secondaire<\/strong> a commenc\u00e9 en 2005.<br \/>\nDu simple soutien scolaire au coll\u00e8ge, le projet a \u00e9volu\u00e9 en 2010 vers la responsabilisation des lyc\u00e9ens regroup\u00e9s dans leur association AJEUB (Association des Jeunes\u00a0Etudiants Unis de Barmathial).<br \/>\nAujourd&rsquo;hui, avec quelques coll\u00e9giens devenus bacheliers et \u00e9tudiants universitaires, le projet se concentre sur l&rsquo;accompagnement de ceux qui ont r\u00e9ussi \u00e0 tirer profit de leur implication dans le projet qui leur \u00e9tait propos\u00e9: celui de les aider \u00e0 pouvoir jouer le r\u00f4le de personnes-ressource utiles \u00e0 leur communaut\u00e9.<\/li>\n<li>A <strong>Ndiaffate<\/strong>, un\u00a0partenariat entre 2009 et 2013 avec l&rsquo;AJDN (Association des Jeunes pour le D\u00e9veloppement de Ndiaffate) a organis\u00e9\u00a0<strong>2 visites de jeunes belges<\/strong> (avril 2009 et juillet 2012) et permis l&rsquo;ouverture et l&rsquo;accompagnement de la g\u00e9rance d&rsquo;un <strong>cyber-caf\u00e9<\/strong> entre 2009 et 2013.<\/li>\n<\/ul>\n<p><strong><span style=\"color: #008000;\">d1pie<\/span><span style=\"color: #ffb428;\">rre10<\/span><span style=\"color: #c00000;\">coups<\/span><\/strong> est une association informelle soutenue financi\u00e8rement par un cercle d&rsquo;amis solidaires.<\/p>\n<p>L&rsquo;approche de ces projets modestes est d&rsquo;impliquer ceux qu&rsquo;ils concernent et de faire un maximum avec peu de moyens, gr\u00e2ce \u00e0 une forte mobilisation de part et d&rsquo;autre.<\/p>\n<p>Commentaires, suggestions et questions bienvenues via le formulaire <a href=\"https:\/\/d1pierre10coups.be\/wordpress\/?page_id=4757\" target=\"_blank\" rel=\"noopener noreferrer\">Contact<\/a> ou par mail \u00e0 l&rsquo;adresse <a href=\"mailto:pierax@hotmail.com\">pierax@hotmail.com<\/a><\/p>\n","protected":false},"excerpt":{"rendered":"<p>Mon nom est Pierre Van Dooren, bruxellois, n\u00e9 en 1962. Apr\u00e8s\u00a0une\u00a0d\u00e9couverte de l&rsquo;Afrique de l&rsquo;Ouest (S\u00e9n\u00e9gal, Gambie, Mali, Burkina Faso, C\u00f4te d&rsquo;Ivoire) pendant quelques mois en 1992, c&rsquo;est une\u00a0travers\u00e9e (en camionnette et \u00e0 moto) du Maroc, du Sahara Occidental et de la Mauritanie qui m&rsquo;a ramen\u00e9 au S\u00e9n\u00e9gal en 1999. Depuis, les s\u00e9jours au S\u00e9n\u00e9gal [&hellip;]<\/p>\n","protected":false},"author":1,"featured_media":0,"parent":0,"menu_order":0,"comment_status":"closed","ping_status":"open","template":"","meta":{"site-sidebar-layout":"default","site-content-layout":"","ast-site-content-layout":"default","site-content-style":"default","site-sidebar-style":"default","ast-global-header-display":"","ast-banner-title-visibility":"","ast-main-header-display":"","ast-hfb-above-header-display":"","ast-hfb-below-header-display":"","ast-hfb-mobile-header-display":"","site-post-title":"","ast-breadcrumbs-content":"","ast-featured-img":"","footer-sml-layout":"","ast-disable-related-posts":"","theme-transparent-header-meta":"","adv-header-id-meta":"","stick-header-meta":"","header-above-stick-meta":"","header-main-stick-meta":"","header-below-stick-meta":"","astra-migrate-meta-layouts":"default","ast-page-background-enabled":"default","ast-page-background-meta":{"desktop":{"background-color":"var(--ast-global-color-5)","background-image":"","background-repeat":"repeat","background-position":"center center","background-size":"auto","background-attachment":"scroll","background-type":"","background-media":"","overlay-type":"","overlay-color":"","overlay-opacity":"","overlay-gradient":""},"tablet":{"background-color":"","background-image":"","background-repeat":"repeat","background-position":"center center","background-size":"auto","background-attachment":"scroll","background-type":"","background-media":"","overlay-type":"","overlay-color":"","overlay-opacity":"","overlay-gradient":""},"mobile":{"background-color":"","background-image":"","background-repeat":"repeat","background-position":"center center","background-size":"auto","background-attachment":"scroll","background-type":"","background-media":"","overlay-type":"","overlay-color":"","overlay-opacity":"","overlay-gradient":""}},"ast-content-background-meta":{"desktop":{"background-color":"var(--ast-global-color-4)","background-image":"","background-repeat":"repeat","background-position":"center center","background-size":"auto","background-attachment":"scroll","background-type":"","background-media":"","overlay-type":"","overlay-color":"","overlay-opacity":"","overlay-gradient":""},"tablet":{"background-color":"var(--ast-global-color-4)","background-image":"","background-repeat":"repeat","background-position":"center center","background-size":"auto","background-attachment":"scroll","background-type":"","background-media":"","overlay-type":"","overlay-color":"","overlay-opacity":"","overlay-gradient":""},"mobile":{"background-color":"var(--ast-global-color-4)","background-image":"","background-repeat":"repeat","background-position":"center center","background-size":"auto","background-attachment":"scroll","background-type":"","background-media":"","overlay-type":"","overlay-color":"","overlay-opacity":"","overlay-gradient":""}},"footnotes":""},"class_list":["post-1793","page","type-page","status-publish","hentry"],"_links":{"self":[{"href":"https:\/\/d1pierre10coups.be\/wordpress\/wp-json\/wp\/v2\/pages\/1793","targetHints":{"allow":["GET"]}}],"collection":[{"href":"https:\/\/d1pierre10coups.be\/wordpress\/wp-json\/wp\/v2\/pages"}],"about":[{"href":"https:\/\/d1pierre10coups.be\/wordpress\/wp-json\/wp\/v2\/types\/page"}],"author":[{"embeddable":true,"href":"https:\/\/d1pierre10coups.be\/wordpress\/wp-json\/wp\/v2\/users\/1"}],"replies":[{"embeddable":true,"href":"https:\/\/d1pierre10coups.be\/wordpress\/wp-json\/wp\/v2\/comments?post=1793"}],"version-history":[{"count":7,"href":"https:\/\/d1pierre10coups.be\/wordpress\/wp-json\/wp\/v2\/pages\/1793\/revisions"}],"predecessor-version":[{"id":13192,"href":"https:\/\/d1pierre10coups.be\/wordpress\/wp-json\/wp\/v2\/pages\/1793\/revisions\/13192"}],"wp:attachment":[{"href":"https:\/\/d1pierre10coups.be\/wordpress\/wp-json\/wp\/v2\/media?parent=1793"}],"curies":[{"name":"wp","href":"https:\/\/api.w.org\/{rel}","templated":true}]}}